{"id":225,"date":"2013-04-04T14:27:35","date_gmt":"2013-04-04T13:27:35","guid":{"rendered":"http:\/\/www.martineclerc.ch\/?page_id=225"},"modified":"2014-08-03T18:06:39","modified_gmt":"2014-08-03T17:06:39","slug":"accueil","status":"publish","type":"page","link":"https:\/\/www.martineclerc.ch\/","title":{"rendered":"Accueil"},"content":{"rendered":"<p><a href=\"http:\/\/www.martineclerc.ch\/wp-content\/uploads\/2014\/01\/1305-atelier-2013-redim-009.jpg\" data-rel=\"lightbox-image-0\" data-rl_title=\"\" data-rl_caption=\"\" title=\"\"><img loading=\"lazy\" decoding=\"async\" class=\"alignnone size-medium wp-image-726\" alt=\"1305 atelier 2013 redim 009\" src=\"http:\/\/www.martineclerc.ch\/wp-content\/uploads\/2014\/01\/1305-atelier-2013-redim-009-300x225.jpg\" width=\"300\" height=\"225\" srcset=\"https:\/\/www.martineclerc.ch\/wp-content\/uploads\/2014\/01\/1305-atelier-2013-redim-009-300x225.jpg 300w, https:\/\/www.martineclerc.ch\/wp-content\/uploads\/2014\/01\/1305-atelier-2013-redim-009-400x300.jpg 400w, https:\/\/www.martineclerc.ch\/wp-content\/uploads\/2014\/01\/1305-atelier-2013-redim-009.jpg 1024w\" sizes=\"auto, (max-width: 300px) 100vw, 300px\" \/><\/a><br \/>\n<strong>Martine Clerc<\/strong>, artiste peintre, membre de Visarte \u00a0&#8211; association professionnelle des artistes visuels en Suisse.<br \/>\n<a href=\"http:\/\/www.martineclerc.ch\/wp-content\/uploads\/2014\/01\/1305-atelier-017.jpg\" data-rel=\"lightbox-image-1\" data-rl_title=\"\" data-rl_caption=\"\" title=\"\"><img loading=\"lazy\" decoding=\"async\" class=\"alignnone size-medium wp-image-729\" alt=\"1305 atelier 017\" src=\"http:\/\/www.martineclerc.ch\/wp-content\/uploads\/2014\/01\/1305-atelier-017-300x225.jpg\" width=\"300\" height=\"225\" srcset=\"https:\/\/www.martineclerc.ch\/wp-content\/uploads\/2014\/01\/1305-atelier-017-300x225.jpg 300w, https:\/\/www.martineclerc.ch\/wp-content\/uploads\/2014\/01\/1305-atelier-017-400x300.jpg 400w, https:\/\/www.martineclerc.ch\/wp-content\/uploads\/2014\/01\/1305-atelier-017.jpg 640w\" sizes=\"auto, (max-width: 300px) 100vw, 300px\" \/><\/a><\/p>\n<p>Atelier : 2 Ruelle du Lapin vert &#8211; CH 1005 Lausanne<br \/>\n<a href=\"https:\/\/maps.google.ch\/maps?q=2,+ruelle+du+Lapin+Vert&amp;hl=fr&amp;ll=46.523586,6.635892&amp;spn=0.00784,0.019205&amp;sll=46.362093,9.036255&amp;sspn=4.025658,9.832764&amp;t=m&amp;hnear=Ruelle+du+Lapin-Vert+2,+1005+Lausanne,+Vaud&amp;z=16&amp;iwloc=A\" target=\"_blank\">plan d&rsquo;acc\u00e8s<\/p>\n<p><\/a><strong><a href=\"https:\/\/maps.google.ch\/maps?q=2,+ruelle+du+Lapin+Vert&amp;hl=fr&amp;ll=46.523586,6.635892&amp;spn=0.00784,0.019205&amp;sll=46.362093,9.036255&amp;sspn=4.025658,9.832764&amp;t=m&amp;hnear=Ruelle+du+Lapin-Vert+2,+1005+Lausanne,+Vaud&amp;z=16&amp;iwloc=A\" target=\"_blank\"><a href=\"http:\/\/www.martineclerc.ch\/wp-content\/uploads\/2014\/03\/Watelier-Martine-2-041.jpg\" data-rel=\"lightbox-image-2\" data-rl_title=\"\" data-rl_caption=\"\" title=\"\"><img loading=\"lazy\" decoding=\"async\" alt=\"Watelier Martine 2 041\" src=\"http:\/\/www.martineclerc.ch\/wp-content\/uploads\/2014\/03\/Watelier-Martine-2-041-300x225.jpg\" width=\"300\" height=\"225\" \/><br \/>\n<\/a><\/a>Bienvenue sur mon site internet !<br \/>\n<\/strong>\u00a0Il vous invite \u00e0 d\u00e9couvrir ou revoir les diff\u00e9rents aspects de mon travail sous\u00a0<a title=\"S\u00e9lection d\u2019oeuvres\" href=\"http:\/\/www.martineclerc.ch\/?page_id=189\">s\u00e9lection d&rsquo;oeuvres<\/a>. Vous y trouverez toutes les informations utiles sur mon parcours et l&rsquo;actualit\u00e9 des expositions.<a href=\"https:\/\/maps.google.ch\/maps?q=2,+ruelle+du+Lapin+Vert&amp;hl=fr&amp;ll=46.523586,6.635892&amp;spn=0.00784,0.019205&amp;sll=46.362093,9.036255&amp;sspn=4.025658,9.832764&amp;t=m&amp;hnear=Ruelle+du+Lapin-Vert+2,+1005+Lausanne,+Vaud&amp;z=16&amp;iwloc=A\" target=\"_blank\"><br \/>\n<\/a><\/p>\n<p>&nbsp;<\/p>\n","protected":false},"excerpt":{"rendered":"<p>Martine Clerc, artiste peintre, membre de Visarte \u00a0&#8211; association professionnelle des artistes visuels en Suisse. Atelier : 2 Ruelle du Lapin vert &#8211; CH 1005 Lausanne plan d&rsquo;acc\u00e8s Bienvenue sur mon site internet ! \u00a0Il vous invite \u00e0 d\u00e9couvrir ou &hellip; <a href=\"https:\/\/www.martineclerc.ch\/\">Continuer la lecture <span class=\"meta-nav\">&rarr;<\/span><\/a><\/p>\n","protected":false},"author":1,"featured_media":0,"parent":0,"menu_order":0,"comment_status":"closed","ping_status":"open","template":"","meta":{"footnotes":""},"class_list":["post-225","page","type-page","status-publish","hentry"],"_links":{"self":[{"href":"https:\/\/www.martineclerc.ch\/index.php?rest_route=\/wp\/v2\/pages\/225","targetHints":{"allow":["GET"]}}],"collection":[{"href":"https:\/\/www.martineclerc.ch\/index.php?rest_route=\/wp\/v2\/pages"}],"about":[{"href":"https:\/\/www.martineclerc.ch\/index.php?rest_route=\/wp\/v2\/types\/page"}],"author":[{"embeddable":true,"href":"https:\/\/www.martineclerc.ch\/index.php?rest_route=\/wp\/v2\/users\/1"}],"replies":[{"embeddable":true,"href":"https:\/\/www.martineclerc.ch\/index.php?rest_route=%2Fwp%2Fv2%2Fcomments&post=225"}],"version-history":[{"count":16,"href":"https:\/\/www.martineclerc.ch\/index.php?rest_route=\/wp\/v2\/pages\/225\/revisions"}],"predecessor-version":[{"id":888,"href":"https:\/\/www.martineclerc.ch\/index.php?rest_route=\/wp\/v2\/pages\/225\/revisions\/888"}],"wp:attachment":[{"href":"https:\/\/www.martineclerc.ch\/index.php?rest_route=%2Fwp%2Fv2%2Fmedia&parent=225"}],"curies":[{"name":"wp","href":"https:\/\/api.w.org\/{rel}","templated":true}]}}