{"id":212,"date":"2013-04-03T16:07:47","date_gmt":"2013-04-03T15:07:47","guid":{"rendered":"http:\/\/www.martineclerc.ch\/?page_id=212"},"modified":"2014-02-27T09:32:26","modified_gmt":"2014-02-27T08:32:26","slug":"copyright","status":"publish","type":"page","link":"https:\/\/www.martineclerc.ch\/?page_id=212","title":{"rendered":"copyright"},"content":{"rendered":"<p>Le contenu du site Internet www.martineclerc.ch, (textes, images, contenus audio-visuels ainsi que d\u2019autres renseignements) est prot\u00e9g\u00e9 par les droits d\u2019auteur (tous droits r\u00e9serv\u00e9s, copyright). Le t\u00e9l\u00e9chargement et l\u2019impression de quelque page que se soit sont autoris\u00e9s \u00e0 condition que ni les mentions de copyright ni d\u2019autres indications prot\u00e9g\u00e9es par la loi ne soient omises.<\/p>\n","protected":false},"excerpt":{"rendered":"<p>Le contenu du site Internet www.martineclerc.ch, (textes, images, contenus audio-visuels ainsi que d\u2019autres renseignements) est prot\u00e9g\u00e9 par les droits d\u2019auteur (tous droits r\u00e9serv\u00e9s, copyright). Le t\u00e9l\u00e9chargement et l\u2019impression de quelque page que se soit sont autoris\u00e9s \u00e0 condition que ni &hellip; <a href=\"https:\/\/www.martineclerc.ch\/?page_id=212\">Continuer la lecture <span class=\"meta-nav\">&rarr;<\/span><\/a><\/p>\n","protected":false},"author":1,"featured_media":0,"parent":0,"menu_order":0,"comment_status":"closed","ping_status":"open","template":"","meta":{"footnotes":""},"class_list":["post-212","page","type-page","status-publish","hentry"],"_links":{"self":[{"href":"https:\/\/www.martineclerc.ch\/index.php?rest_route=\/wp\/v2\/pages\/212","targetHints":{"allow":["GET"]}}],"collection":[{"href":"https:\/\/www.martineclerc.ch\/index.php?rest_route=\/wp\/v2\/pages"}],"about":[{"href":"https:\/\/www.martineclerc.ch\/index.php?rest_route=\/wp\/v2\/types\/page"}],"author":[{"embeddable":true,"href":"https:\/\/www.martineclerc.ch\/index.php?rest_route=\/wp\/v2\/users\/1"}],"replies":[{"embeddable":true,"href":"https:\/\/www.martineclerc.ch\/index.php?rest_route=%2Fwp%2Fv2%2Fcomments&post=212"}],"version-history":[{"count":3,"href":"https:\/\/www.martineclerc.ch\/index.php?rest_route=\/wp\/v2\/pages\/212\/revisions"}],"predecessor-version":[{"id":805,"href":"https:\/\/www.martineclerc.ch\/index.php?rest_route=\/wp\/v2\/pages\/212\/revisions\/805"}],"wp:attachment":[{"href":"https:\/\/www.martineclerc.ch\/index.php?rest_route=%2Fwp%2Fv2%2Fmedia&parent=212"}],"curies":[{"name":"wp","href":"https:\/\/api.w.org\/{rel}","templated":true}]}}