{"id":15,"date":"2013-02-13T18:24:54","date_gmt":"2013-02-13T17:24:54","guid":{"rendered":"http:\/\/www.martineclerc.ch\/?page_id=15"},"modified":"2014-02-28T12:48:45","modified_gmt":"2014-02-28T11:48:45","slug":"presentation","status":"publish","type":"page","link":"https:\/\/www.martineclerc.ch\/?page_id=15","title":{"rendered":"Pr\u00e9sentation"},"content":{"rendered":"<p style=\"text-align: justify;\">Goethe : \u00ab<em>C\u2019est par l\u2019art qu\u2019on se d\u00e9robe le plus s\u00fbrement au monde, mais c\u2018est par l\u2018art qu\u2018on se lie le plus s\u00fbrement \u00e0 lui.\u00bb<\/em><\/p>\n<p style=\"text-align: justify;\">Ma peinture ne pr\u00e9tend pas se d\u00e9marquer par la nouveaut\u00e9, l\u2019originalit\u00e9, mais \u00e9veiller le &#8211; <em>mon <\/em>&#8211; regard \u00e0\u00a0l&rsquo;extraordinaire\u00a0cr\u00e9ativit\u00e9 de la nature,\u00a0aux forces, aux signes multiples qui font que le r\u00e9el, lui, est constamment nouveau.<br \/>\nAbstrait par sa vis\u00e9e m\u00eame, mon travail reste cependant clairement enracin\u00e9 dans le \u00abvoir\u00bb comme ph\u00e9nom\u00e9nologie.\u00a0Ainsi, la relation du permanent et du fugitif, de l\u2019immobile et du mouvant, le jeu des limites qui nous laisse pour un instant dans l\u2019incertain, l\u2019ambigu, et qui est ouverture \u00e0 tous les possibles.<br \/>\nC\u2019est\u00a0cependant dans l\u2019intimit\u00e9 de l\u2019atelier que les traces de ces instants surgissent &#8211; <em>\u00ab les yeux de la m\u00e9moire\u00bb<\/em> dit Alberto Nessi &#8211; sans que la conscience, le vouloir interviennent dans\u00a0le premier temps.<br \/>\nPas de titres \u00e0 mes tableaux : ce n\u2019est pas le pr\u00e9sent qu\u2019ils veulent signifier, mais ce qui se passe, et qui n\u2019a pas de nom ; \u00e0 chacun d&rsquo;y saisir, d&rsquo;y poursuivre ses propres traces.<br \/>\nLes techniques que j&rsquo;ai explor\u00e9es : mine de plomb, aquarelle, huile, pastel, fusain. Actuellement, je me concentre sur ces trois derni\u00e8res, variant les formats (jamais monumentaux) et les supports.<\/p>\n<p style=\"text-align: justify;\"><strong>Biographie<\/strong><\/p>\n<p style=\"text-align: justify;\">N\u00e9e en 1941 \u00e0 Neuch\u00e2tel (Suisse). \u00c9tudes \u00e0 l\u2019Universit\u00e9 de Gen\u00e8ve en Sciences de l\u2019\u00c9ducation- licence en psychologie. A exerc\u00e9, parall\u00e8lement \u00e0 la peinture, la profession de psychologue psychoth\u00e9rapeute.\u2028 Initi\u00e9e \u00e0 l\u2019histoire de la peinture par Jean-Louis Ferrier, \u00e0 Neuch\u00e2tel, elle l\u2019a \u00e9t\u00e9, \u00e0 sa pratique, par Th\u00e9r\u00e8se Martin, \u00e0 Lausanne \u00e0 la fin des ann\u00e9es 80.\u00a0Expose depuis plus de 20 ans, particuli\u00e8rement en Suisse-romande o\u00f9 elle a \u00e9t\u00e9 accueillie \u00e0 la Galerie Arts et Lettres, \u00e0 Vevey, et\u00a0plusieurs fois \u00e0 la Galerie Planque. art contemporain, \u00e0 Lausanne,\u00a0\u00c9pouse du po\u00e8te Pierre-Alain T\u00e2che, elle vit et a son atelier \u00e0 Lausanne. Membre de Visarte \u00a0depuis 1999.<\/p>\n","protected":false},"excerpt":{"rendered":"<p>Goethe : \u00abC\u2019est par l\u2019art qu\u2019on se d\u00e9robe le plus s\u00fbrement au monde, mais c\u2018est par l\u2018art qu\u2018on se lie le plus s\u00fbrement \u00e0 lui.\u00bb Ma peinture ne pr\u00e9tend pas se d\u00e9marquer par la nouveaut\u00e9, l\u2019originalit\u00e9, mais \u00e9veiller le &#8211; &hellip; <a href=\"https:\/\/www.martineclerc.ch\/?page_id=15\">Continuer la lecture <span class=\"meta-nav\">&rarr;<\/span><\/a><\/p>\n","protected":false},"author":1,"featured_media":0,"parent":0,"menu_order":0,"comment_status":"closed","ping_status":"open","template":"","meta":{"footnotes":""},"class_list":["post-15","page","type-page","status-publish","hentry"],"_links":{"self":[{"href":"https:\/\/www.martineclerc.ch\/index.php?rest_route=\/wp\/v2\/pages\/15","targetHints":{"allow":["GET"]}}],"collection":[{"href":"https:\/\/www.martineclerc.ch\/index.php?rest_route=\/wp\/v2\/pages"}],"about":[{"href":"https:\/\/www.martineclerc.ch\/index.php?rest_route=\/wp\/v2\/types\/page"}],"author":[{"embeddable":true,"href":"https:\/\/www.martineclerc.ch\/index.php?rest_route=\/wp\/v2\/users\/1"}],"replies":[{"embeddable":true,"href":"https:\/\/www.martineclerc.ch\/index.php?rest_route=%2Fwp%2Fv2%2Fcomments&post=15"}],"version-history":[{"count":26,"href":"https:\/\/www.martineclerc.ch\/index.php?rest_route=\/wp\/v2\/pages\/15\/revisions"}],"predecessor-version":[{"id":838,"href":"https:\/\/www.martineclerc.ch\/index.php?rest_route=\/wp\/v2\/pages\/15\/revisions\/838"}],"wp:attachment":[{"href":"https:\/\/www.martineclerc.ch\/index.php?rest_route=%2Fwp%2Fv2%2Fmedia&parent=15"}],"curies":[{"name":"wp","href":"https:\/\/api.w.org\/{rel}","templated":true}]}}